{"id":13,"date":"2023-07-19T08:34:21","date_gmt":"2023-07-19T06:34:21","guid":{"rendered":"https:\/\/znueni.shop\/de\/?page_id=13"},"modified":"2023-07-22T15:06:19","modified_gmt":"2023-07-22T13:06:19","slug":"management","status":"publish","type":"page","link":"https:\/\/alingro.com\/de\/management\/","title":{"rendered":"Management"},"content":{"rendered":"<div class=\"fusion-fullwidth fullwidth-box fusion-builder-row-1 fusion-flex-container has-pattern-background has-mask-background nonhundred-percent-fullwidth non-hundred-percent-height-scrolling\" style=\"--awb-border-radius-top-left:0px;--awb-border-radius-top-right:0px;--awb-border-radius-bottom-right:0px;--awb-border-radius-bottom-left:0px;--awb-flex-wrap:wrap;\" ><div class=\"fusion-builder-row fusion-row fusion-flex-align-items-flex-start fusion-flex-content-wrap\" style=\"max-width:1248px;margin-left: calc(-4% \/ 2 );margin-right: calc(-4% \/ 2 );\"><div class=\"fusion-layout-column fusion_builder_column fusion-builder-column-0 fusion_builder_column_1_4 1_4 fusion-flex-column\" style=\"--awb-bg-size:cover;--awb-width-large:25%;--awb-margin-top-large:0px;--awb-spacing-right-large:7.68%;--awb-margin-bottom-large:20px;--awb-spacing-left-large:7.68%;--awb-width-medium:25%;--awb-order-medium:0;--awb-spacing-right-medium:7.68%;--awb-spacing-left-medium:7.68%;--awb-width-small:100%;--awb-order-small:0;--awb-spacing-right-small:1.92%;--awb-spacing-left-small:1.92%;\"><div class=\"fusion-column-wrapper fusion-column-has-shadow fusion-flex-justify-content-flex-start fusion-content-layout-column\"><div class=\"fusion-text fusion-text-1\"><p><strong>Marco Bolleter<\/strong><\/p>\n<\/div><div class=\"fusion-separator fusion-full-width-sep\" style=\"align-self: center;margin-left: auto;margin-right: auto;width:100%;\"><div class=\"fusion-separator-border sep-single sep-solid\" style=\"--awb-height:20px;--awb-amount:20px;border-color:var(--awb-color3);border-top-width:1px;\"><\/div><\/div><div class=\"fusion-text fusion-text-2\"><p>Managing Director<\/p>\n<\/div><div class=\"fusion-separator fusion-full-width-sep\" style=\"align-self: center;margin-left: auto;margin-right: auto;width:100%;\"><div class=\"fusion-separator-border sep-single sep-solid\" style=\"--awb-height:20px;--awb-amount:20px;border-color:var(--awb-color3);border-top-width:1px;\"><\/div><\/div><div class=\"fusion-text fusion-text-3\"><p>&#8222;Neue Technologien und Konzepte bieten grosse Chancen, wenn sie verstanden und ins Gesch\u00e4ft integriert werden k\u00f6nnen.&#8220;<\/p>\n<\/div><\/div><\/div><div class=\"fusion-layout-column fusion_builder_column fusion-builder-column-1 fusion_builder_column_1_2 1_2 fusion-flex-column\" style=\"--awb-bg-size:cover;--awb-width-large:50%;--awb-margin-top-large:0px;--awb-spacing-right-large:3.84%;--awb-margin-bottom-large:20px;--awb-spacing-left-large:3.84%;--awb-width-medium:50%;--awb-order-medium:0;--awb-spacing-right-medium:3.84%;--awb-spacing-left-medium:3.84%;--awb-width-small:100%;--awb-order-small:0;--awb-spacing-right-small:1.92%;--awb-spacing-left-small:1.92%;\"><div class=\"fusion-column-wrapper fusion-column-has-shadow fusion-flex-justify-content-flex-start fusion-content-layout-column\"><div class=\"fusion-text fusion-text-4\"><h2>Marco Bolleter<\/h2>\n<p>Marco Bolleter ist der Gr\u00fcnder der Alingro AG.<\/p>\n<p>Seine Erfahrungen beinhalten Arbeiten in internationalen Unternehmungen in der High-Tech, Medizinal-Tech, Industrieg\u00fcter-Industrie sowie in der Chemie.<br \/>\nIm Speziellen hat er viel Erfahrung im Abstimmen von Gesch\u00e4fts- und IT-Strategien sowie dem Identifizieren von Wertpotenzialen von neuen Technologien, Konzepten und Prozessen.<\/p>\n<p>\u00dcber die Jahre arbeitete er in Projekten, welche die End-zu-End Verkaufs- und Service-Prozesse neu definierten, an Prozess-Standardisierungen \u00fcber Divisionen und L\u00e4nder hinweg, wie auch an Prozess-Innovationen und Automatisierungen.<\/p>\n<p>Vor Alingro war Marco Bolleter w\u00e4hrend zw\u00f6lf Jahren bei der SAP als Prinzipal Business Consultant, als Projektleiter und als CRM Experte t\u00e4tig.<\/p>\n<p>Er studierte Betriebs\u00f6konomie an der Hochschule f\u00fcr Wirtschaft Z\u00fcrich und absolvierte ein MBA in Business Engineering an der Universit\u00e4t St. Gallen.<\/p>\n<\/div><\/div><\/div><div class=\"fusion-layout-column fusion_builder_column fusion-builder-column-2 fusion_builder_column_1_4 1_4 fusion-flex-column\" style=\"--awb-bg-size:cover;--awb-width-large:25%;--awb-margin-top-large:0px;--awb-spacing-right-large:7.68%;--awb-margin-bottom-large:20px;--awb-spacing-left-large:7.68%;--awb-width-medium:25%;--awb-order-medium:0;--awb-spacing-right-medium:7.68%;--awb-spacing-left-medium:7.68%;--awb-width-small:100%;--awb-order-small:0;--awb-spacing-right-small:1.92%;--awb-spacing-left-small:1.92%;\"><div class=\"fusion-column-wrapper fusion-column-has-shadow fusion-flex-justify-content-flex-start fusion-content-layout-column\"><div class=\"fusion-image-element \" style=\"--awb-caption-title-font-family:var(--h2_typography-font-family);--awb-caption-title-font-weight:var(--h2_typography-font-weight);--awb-caption-title-font-style:var(--h2_typography-font-style);--awb-caption-title-size:var(--h2_typography-font-size);--awb-caption-title-transform:var(--h2_typography-text-transform);--awb-caption-title-line-height:var(--h2_typography-line-height);--awb-caption-title-letter-spacing:var(--h2_typography-letter-spacing);\"><span class=\" fusion-imageframe imageframe-none imageframe-1 hover-type-none\"><img decoding=\"async\" width=\"636\" height=\"656\" title=\"Portrai-Marco-2014-06-v3-kleinWeb\" src=\"https:\/\/znueni.shop\/de\/wp-content\/uploads\/sites\/2\/2023\/07\/Portrai-Marco-2014-06-v3-kleinWeb.png\" alt class=\"img-responsive wp-image-32\" srcset=\"https:\/\/alingro.com\/de\/wp-content\/uploads\/sites\/2\/2023\/07\/Portrai-Marco-2014-06-v3-kleinWeb-200x206.png 200w, https:\/\/alingro.com\/de\/wp-content\/uploads\/sites\/2\/2023\/07\/Portrai-Marco-2014-06-v3-kleinWeb-400x413.png 400w, https:\/\/alingro.com\/de\/wp-content\/uploads\/sites\/2\/2023\/07\/Portrai-Marco-2014-06-v3-kleinWeb-600x619.png 600w, https:\/\/alingro.com\/de\/wp-content\/uploads\/sites\/2\/2023\/07\/Portrai-Marco-2014-06-v3-kleinWeb.png 636w\" sizes=\"(max-width: 640px) 100vw, 400px\" \/><\/span><\/div><\/div><\/div><\/div><\/div>\n","protected":false},"excerpt":{"rendered":"","protected":false},"author":1,"featured_media":0,"parent":0,"menu_order":0,"comment_status":"closed","ping_status":"closed","template":"100-width.php","meta":{"footnotes":""},"class_list":["post-13","page","type-page","status-publish","hentry"],"_links":{"self":[{"href":"https:\/\/alingro.com\/de\/wp-json\/wp\/v2\/pages\/13","targetHints":{"allow":["GET"]}}],"collection":[{"href":"https:\/\/alingro.com\/de\/wp-json\/wp\/v2\/pages"}],"about":[{"href":"https:\/\/alingro.com\/de\/wp-json\/wp\/v2\/types\/page"}],"author":[{"embeddable":true,"href":"https:\/\/alingro.com\/de\/wp-json\/wp\/v2\/users\/1"}],"replies":[{"embeddable":true,"href":"https:\/\/alingro.com\/de\/wp-json\/wp\/v2\/comments?post=13"}],"version-history":[{"count":2,"href":"https:\/\/alingro.com\/de\/wp-json\/wp\/v2\/pages\/13\/revisions"}],"predecessor-version":[{"id":43,"href":"https:\/\/alingro.com\/de\/wp-json\/wp\/v2\/pages\/13\/revisions\/43"}],"wp:attachment":[{"href":"https:\/\/alingro.com\/de\/wp-json\/wp\/v2\/media?parent=13"}],"curies":[{"name":"wp","href":"https:\/\/api.w.org\/{rel}","templated":true}]}}