{"id":5,"date":"2023-07-19T08:32:35","date_gmt":"2023-07-19T06:32:35","guid":{"rendered":"https:\/\/znueni.shop\/de\/?page_id=5"},"modified":"2023-07-30T19:47:10","modified_gmt":"2023-07-30T17:47:10","slug":"willkommen-bei-alingro-ag","status":"publish","type":"page","link":"https:\/\/alingro.com\/de\/","title":{"rendered":"Alingro"},"content":{"rendered":"<p><div class=\"fusion-fullwidth fullwidth-box fusion-builder-row-1 fusion-flex-container has-pattern-background has-mask-background nonhundred-percent-fullwidth non-hundred-percent-height-scrolling\" style=\"--awb-border-radius-top-left:0px;--awb-border-radius-top-right:0px;--awb-border-radius-bottom-right:0px;--awb-border-radius-bottom-left:0px;--awb-flex-wrap:wrap;\" ><div class=\"fusion-builder-row fusion-row fusion-flex-align-items-flex-start fusion-flex-content-wrap\" style=\"max-width:1248px;margin-left: calc(-4% \/ 2 );margin-right: calc(-4% \/ 2 );\"><div class=\"fusion-layout-column fusion_builder_column fusion-builder-column-0 fusion_builder_column_1_1 1_1 fusion-flex-column\" style=\"--awb-bg-size:cover;--awb-width-large:100%;--awb-margin-top-large:0px;--awb-spacing-right-large:1.92%;--awb-margin-bottom-large:20px;--awb-spacing-left-large:1.92%;--awb-width-medium:100%;--awb-order-medium:0;--awb-spacing-right-medium:1.92%;--awb-spacing-left-medium:1.92%;--awb-width-small:100%;--awb-order-small:0;--awb-spacing-right-small:1.92%;--awb-spacing-left-small:1.92%;\"><div class=\"fusion-column-wrapper fusion-column-has-shadow fusion-flex-justify-content-flex-start fusion-content-layout-column\"><div class=\"fusion-text fusion-text-1\"><h3>Alingro ist ein kompetenter Partner, der Business und Technologie erfolgreich zusammenbringt und Mehrwert f\u00fcr Ihr Unternehmen entwickelt.<\/h3>\n<\/div><\/div><\/div><\/div><\/div><div class=\"fusion-fullwidth fullwidth-box fusion-builder-row-2 fusion-flex-container has-pattern-background has-mask-background nonhundred-percent-fullwidth non-hundred-percent-height-scrolling\" style=\"--awb-border-radius-top-left:0px;--awb-border-radius-top-right:0px;--awb-border-radius-bottom-right:0px;--awb-border-radius-bottom-left:0px;--awb-flex-wrap:wrap;\" ><div class=\"fusion-builder-row fusion-row fusion-flex-align-items-flex-start fusion-flex-content-wrap\" style=\"max-width:1248px;margin-left: calc(-4% \/ 2 );margin-right: calc(-4% \/ 2 );\"><div class=\"fusion-layout-column fusion_builder_column fusion-builder-column-1 fusion_builder_column_1_2 1_2 fusion-flex-column\" style=\"--awb-bg-size:cover;--awb-width-large:50%;--awb-margin-top-large:0px;--awb-spacing-right-large:3.84%;--awb-margin-bottom-large:20px;--awb-spacing-left-large:3.84%;--awb-width-medium:50%;--awb-order-medium:0;--awb-spacing-right-medium:3.84%;--awb-spacing-left-medium:3.84%;--awb-width-small:100%;--awb-order-small:0;--awb-spacing-right-small:1.92%;--awb-spacing-left-small:1.92%;\"><div class=\"fusion-column-wrapper fusion-column-has-shadow fusion-flex-justify-content-flex-start fusion-content-layout-column\"><div class=\"fusion-text fusion-text-2\"><h3>\u00dcber uns<\/h3>\n<p>Wir sind Manager und Berater mit langj\u00e4hriger Erfahrung im F\u00fchren von Business- und Technologie-Projekten und sind h\u00e4ufig im Umfeld von SAP Einf\u00fchrungen t\u00e4tig. Unser Prozessverst\u00e4ndnis und methodisches Vorgehen strukturiert komplexe Themen, f\u00fchrt zu Transparenz, verbessert die Kommunikation und schafft wertvolle Grundlagen f\u00fcr fakten-basierte Entscheidungen.<\/p>\n<h4>Unsere \u00dcberzeugung<\/h4>\n<p>Neue Technologien und Konzepte bieten enorme Chancen, wenn sie verstanden und ins Gesch\u00e4ft aufgenommen werden.<\/p>\n<p>Alingro unterst\u00fctzt mit Methode, Know-how und Erfahrung.<\/p>\n<h4>Unser Vorgehen<\/h4>\n<\/div><div class=\"fusion-image-element \" style=\"--awb-caption-title-font-family:var(--h2_typography-font-family);--awb-caption-title-font-weight:var(--h2_typography-font-weight);--awb-caption-title-font-style:var(--h2_typography-font-style);--awb-caption-title-size:var(--h2_typography-font-size);--awb-caption-title-transform:var(--h2_typography-text-transform);--awb-caption-title-line-height:var(--h2_typography-line-height);--awb-caption-title-letter-spacing:var(--h2_typography-letter-spacing);\"><span class=\" fusion-imageframe imageframe-none imageframe-1 hover-type-none\"><img decoding=\"async\" width=\"1353\" height=\"615\" title=\"AlingroFrameworkFull\" src=\"https:\/\/znueni.shop\/de\/wp-content\/uploads\/sites\/2\/2023\/07\/AlingroFrameworkFull.png\" alt class=\"img-responsive wp-image-39\" srcset=\"https:\/\/alingro.com\/de\/wp-content\/uploads\/sites\/2\/2023\/07\/AlingroFrameworkFull-200x91.png 200w, https:\/\/alingro.com\/de\/wp-content\/uploads\/sites\/2\/2023\/07\/AlingroFrameworkFull-400x182.png 400w, https:\/\/alingro.com\/de\/wp-content\/uploads\/sites\/2\/2023\/07\/AlingroFrameworkFull-600x273.png 600w, https:\/\/alingro.com\/de\/wp-content\/uploads\/sites\/2\/2023\/07\/AlingroFrameworkFull-800x364.png 800w, https:\/\/alingro.com\/de\/wp-content\/uploads\/sites\/2\/2023\/07\/AlingroFrameworkFull-1200x545.png 1200w, https:\/\/alingro.com\/de\/wp-content\/uploads\/sites\/2\/2023\/07\/AlingroFrameworkFull.png 1353w\" sizes=\"(max-width: 640px) 100vw, 600px\" \/><\/span><\/div><div class=\"fusion-text fusion-text-3\"><p>Das Alingro Framework richtet den Fokus auf die wertbringenden Themen und geht dabei methodisch und strukturiert vor. Gleichzeitig schliesst es Personen und Unternehmenskultur in den Ver\u00e4nderungsprozess mit ein.<\/p>\n<\/div><\/div><\/div><div class=\"fusion-layout-column fusion_builder_column fusion-builder-column-2 fusion_builder_column_1_2 1_2 fusion-flex-column\" style=\"--awb-bg-size:cover;--awb-width-large:50%;--awb-margin-top-large:0px;--awb-spacing-right-large:3.84%;--awb-margin-bottom-large:20px;--awb-spacing-left-large:3.84%;--awb-width-medium:50%;--awb-order-medium:0;--awb-spacing-right-medium:3.84%;--awb-spacing-left-medium:3.84%;--awb-width-small:100%;--awb-order-small:0;--awb-spacing-right-small:1.92%;--awb-spacing-left-small:1.92%;\"><div class=\"fusion-column-wrapper fusion-column-has-shadow fusion-flex-justify-content-flex-start fusion-content-layout-column\"><div class=\"fusion-text fusion-text-4\"><h3>Wir liefern Services in den Bereichen<\/h3>\n<\/div><ul style=\"--awb-line-height:27.2px;--awb-icon-width:27.2px;--awb-icon-height:27.2px;--awb-icon-margin:11.2px;--awb-content-margin:38.4px;--awb-circlecolor:var(--awb-color4);--awb-circle-yes-font-size:14.08px;\" class=\"fusion-checklist fusion-checklist-1 fusion-checklist-default type-icons\"><li class=\"fusion-li-item\" style=\"\"><span class=\"icon-wrapper circle-yes\"><i class=\"fusion-li-icon fa-angle-right fas\" aria-hidden=\"true\"><\/i><\/span><div class=\"fusion-li-item-content\">\n<p>Erweitern und Abstimmen der Business-, Technologie- und IT-Strategien<\/p>\n<\/div><\/li><li class=\"fusion-li-item\" style=\"\"><span class=\"icon-wrapper circle-yes\"><i class=\"fusion-li-icon fa-angle-right fas\" aria-hidden=\"true\"><\/i><\/span><div class=\"fusion-li-item-content\">\n<p>Wertorientiertes Requirements-Engineering und Prozess Design<\/p>\n<\/div><\/li><li class=\"fusion-li-item\" style=\"\"><span class=\"icon-wrapper circle-yes\"><i class=\"fusion-li-icon fa-angle-right fas\" aria-hidden=\"true\"><\/i><\/span><div class=\"fusion-li-item-content\">\n<p>IT Interim Management<\/p>\n<\/div><\/li><li class=\"fusion-li-item\" style=\"\"><span class=\"icon-wrapper circle-yes\"><i class=\"fusion-li-icon fa-angle-right fas\" aria-hidden=\"true\"><\/i><\/span><div class=\"fusion-li-item-content\">\n<p>Programm- und Projekt Management<\/p>\n<\/div><\/li><\/ul><\/div><\/div><\/div><\/div><\/p>\n","protected":false},"excerpt":{"rendered":"","protected":false},"author":1,"featured_media":0,"parent":0,"menu_order":0,"comment_status":"closed","ping_status":"closed","template":"100-width.php","meta":{"footnotes":""},"class_list":["post-5","page","type-page","status-publish","hentry"],"_links":{"self":[{"href":"https:\/\/alingro.com\/de\/wp-json\/wp\/v2\/pages\/5","targetHints":{"allow":["GET"]}}],"collection":[{"href":"https:\/\/alingro.com\/de\/wp-json\/wp\/v2\/pages"}],"about":[{"href":"https:\/\/alingro.com\/de\/wp-json\/wp\/v2\/types\/page"}],"author":[{"embeddable":true,"href":"https:\/\/alingro.com\/de\/wp-json\/wp\/v2\/users\/1"}],"replies":[{"embeddable":true,"href":"https:\/\/alingro.com\/de\/wp-json\/wp\/v2\/comments?post=5"}],"version-history":[{"count":6,"href":"https:\/\/alingro.com\/de\/wp-json\/wp\/v2\/pages\/5\/revisions"}],"predecessor-version":[{"id":51,"href":"https:\/\/alingro.com\/de\/wp-json\/wp\/v2\/pages\/5\/revisions\/51"}],"wp:attachment":[{"href":"https:\/\/alingro.com\/de\/wp-json\/wp\/v2\/media?parent=5"}],"curies":[{"name":"wp","href":"https:\/\/api.w.org\/{rel}","templated":true}]}}