{"id":7,"date":"2023-07-19T08:33:29","date_gmt":"2023-07-19T06:33:29","guid":{"rendered":"https:\/\/znueni.shop\/de\/?page_id=7"},"modified":"2023-07-30T19:58:36","modified_gmt":"2023-07-30T17:58:36","slug":"value-discovery","status":"publish","type":"page","link":"https:\/\/alingro.com\/de\/value-discovery\/","title":{"rendered":"Value Discovery"},"content":{"rendered":"<p><div class=\"fusion-fullwidth fullwidth-box fusion-builder-row-1 fusion-flex-container has-pattern-background has-mask-background nonhundred-percent-fullwidth non-hundred-percent-height-scrolling\" style=\"--awb-border-radius-top-left:0px;--awb-border-radius-top-right:0px;--awb-border-radius-bottom-right:0px;--awb-border-radius-bottom-left:0px;--awb-flex-wrap:wrap;\" ><div class=\"fusion-builder-row fusion-row fusion-flex-align-items-flex-start fusion-flex-content-wrap\" style=\"max-width:1248px;margin-left: calc(-4% \/ 2 );margin-right: calc(-4% \/ 2 );\"><div class=\"fusion-layout-column fusion_builder_column fusion-builder-column-0 fusion_builder_column_1_1 1_1 fusion-flex-column\" style=\"--awb-bg-size:cover;--awb-width-large:100%;--awb-margin-top-large:0px;--awb-spacing-right-large:1.92%;--awb-margin-bottom-large:20px;--awb-spacing-left-large:1.92%;--awb-width-medium:100%;--awb-order-medium:0;--awb-spacing-right-medium:1.92%;--awb-spacing-left-medium:1.92%;--awb-width-small:100%;--awb-order-small:0;--awb-spacing-right-small:1.92%;--awb-spacing-left-small:1.92%;\"><div class=\"fusion-column-wrapper fusion-column-has-shadow fusion-flex-justify-content-flex-start fusion-content-layout-column\"><div class=\"fusion-text fusion-text-1\"><h2>In Mehrwert investieren.<\/h2>\n<h3>Mit unserem erprobten Management Ansatz starten Sie sofort und identifizieren Wertpotentiale, die echten Mehrwert schaffen.<\/h3>\n<\/div><\/div><\/div><\/div><\/div><div class=\"fusion-fullwidth fullwidth-box fusion-builder-row-2 fusion-flex-container has-pattern-background has-mask-background nonhundred-percent-fullwidth non-hundred-percent-height-scrolling\" style=\"--awb-border-radius-top-left:0px;--awb-border-radius-top-right:0px;--awb-border-radius-bottom-right:0px;--awb-border-radius-bottom-left:0px;--awb-flex-wrap:wrap;\" ><div class=\"fusion-builder-row fusion-row fusion-flex-align-items-flex-start fusion-flex-content-wrap\" style=\"max-width:1248px;margin-left: calc(-4% \/ 2 );margin-right: calc(-4% \/ 2 );\"><div class=\"fusion-layout-column fusion_builder_column fusion-builder-column-1 fusion_builder_column_1_2 1_2 fusion-flex-column\" style=\"--awb-bg-size:cover;--awb-width-large:50%;--awb-margin-top-large:0px;--awb-spacing-right-large:3.84%;--awb-margin-bottom-large:20px;--awb-spacing-left-large:3.84%;--awb-width-medium:50%;--awb-order-medium:0;--awb-spacing-right-medium:3.84%;--awb-spacing-left-medium:3.84%;--awb-width-small:100%;--awb-order-small:0;--awb-spacing-right-small:1.92%;--awb-spacing-left-small:1.92%;\"><div class=\"fusion-column-wrapper fusion-column-has-shadow fusion-flex-justify-content-flex-start fusion-content-layout-column\"><div class=\"fusion-text fusion-text-2\"><h3>Ihr Nutzen<\/h3>\n<p>Die Gesch\u00e4ftsabwicklungen laufen erfolgreich, Kunden und Mitarbeiter sind zufrieden und Manager jederzeit vollst\u00e4ndig informiert.<\/p>\n<\/div><ul style=\"--awb-line-height:27.2px;--awb-icon-width:27.2px;--awb-icon-height:27.2px;--awb-icon-margin:11.2px;--awb-content-margin:38.4px;--awb-circlecolor:var(--awb-color4);--awb-circle-yes-font-size:14.08px;\" class=\"fusion-checklist fusion-checklist-1 fusion-checklist-default type-icons\"><li class=\"fusion-li-item\" style=\"\"><span class=\"icon-wrapper circle-yes\"><i class=\"fusion-li-icon fa-angle-right fas\" aria-hidden=\"true\"><\/i><\/span><div class=\"fusion-li-item-content\">\n<p>Ein Portfolio beschreibt vorhandene Wertpotentiale und daf\u00fcr ben\u00f6tigte Investitionen.<\/p>\n<\/div><\/li><li class=\"fusion-li-item\" style=\"\"><span class=\"icon-wrapper circle-yes\"><i class=\"fusion-li-icon fa-angle-right fas\" aria-hidden=\"true\"><\/i><\/span><div class=\"fusion-li-item-content\">\n<p>Eine Themen-Roadmap zeigt den Umsetzungszeitraum und gegenseitige Abh\u00e4ngigkeiten auf.<\/p>\n<\/div><\/li><li class=\"fusion-li-item\" style=\"\"><span class=\"icon-wrapper circle-yes\"><i class=\"fusion-li-icon fa-angle-right fas\" aria-hidden=\"true\"><\/i><\/span><div class=\"fusion-li-item-content\">\n<p>Die Business-Strategie und die IT-Strategie sind sauber abgestimmt.<\/p>\n<\/div><\/li><\/ul><div class=\"fusion-text fusion-text-3\"><p>Alingro unterst\u00fctzt Sie mit Erfahrung, Methode und Management-Skills.<\/p>\n<\/div><div class=\"fusion-text fusion-text-4\"><h3>Unser Vorgehen<\/h3>\n<\/div><div class=\"fusion-image-element \" style=\"--awb-caption-title-font-family:var(--h2_typography-font-family);--awb-caption-title-font-weight:var(--h2_typography-font-weight);--awb-caption-title-font-style:var(--h2_typography-font-style);--awb-caption-title-size:var(--h2_typography-font-size);--awb-caption-title-transform:var(--h2_typography-text-transform);--awb-caption-title-line-height:var(--h2_typography-line-height);--awb-caption-title-letter-spacing:var(--h2_typography-letter-spacing);\"><span class=\" fusion-imageframe imageframe-none imageframe-1 hover-type-none\"><img decoding=\"async\" width=\"1354\" height=\"615\" title=\"AlingroFrameworkValDiscovery\" src=\"https:\/\/znueni.shop\/de\/wp-content\/uploads\/sites\/2\/2023\/07\/AlingroFrameworkValDiscovery.png\" alt class=\"img-responsive wp-image-36\" srcset=\"https:\/\/alingro.com\/de\/wp-content\/uploads\/sites\/2\/2023\/07\/AlingroFrameworkValDiscovery-200x91.png 200w, https:\/\/alingro.com\/de\/wp-content\/uploads\/sites\/2\/2023\/07\/AlingroFrameworkValDiscovery-400x182.png 400w, https:\/\/alingro.com\/de\/wp-content\/uploads\/sites\/2\/2023\/07\/AlingroFrameworkValDiscovery-600x273.png 600w, https:\/\/alingro.com\/de\/wp-content\/uploads\/sites\/2\/2023\/07\/AlingroFrameworkValDiscovery-800x363.png 800w, https:\/\/alingro.com\/de\/wp-content\/uploads\/sites\/2\/2023\/07\/AlingroFrameworkValDiscovery-1200x545.png 1200w, https:\/\/alingro.com\/de\/wp-content\/uploads\/sites\/2\/2023\/07\/AlingroFrameworkValDiscovery.png 1354w\" sizes=\"(max-width: 640px) 100vw, 600px\" \/><\/span><\/div><div class=\"fusion-text fusion-text-5\"><p>In der Value Discovery Phase werden Innovations- und Optimierungspotentiale gesucht und aufeinander abgestimmt. Es wird zum Beispiel aufgezeigt, wie neue Prozesse die Business-Strategie unterst\u00fctzen oder welche Technologien f\u00fcr die Abwicklung neuer Prozesse eingef\u00fchrt werden m\u00fcssen.<\/p>\n<p>Alingro unterst\u00fctzt Sie bei komplexen Fragestellungen und entwickelt Vorgehensmodelle, die Antworten liefern und die Kommunikation zwischen den involvierten Bereichen erleichtern.<\/p>\n<\/div><\/div><\/div><div class=\"fusion-layout-column fusion_builder_column fusion-builder-column-2 fusion_builder_column_1_2 1_2 fusion-flex-column\" style=\"--awb-bg-size:cover;--awb-width-large:50%;--awb-margin-top-large:0px;--awb-spacing-right-large:3.84%;--awb-margin-bottom-large:20px;--awb-spacing-left-large:3.84%;--awb-width-medium:50%;--awb-order-medium:0;--awb-spacing-right-medium:3.84%;--awb-spacing-left-medium:3.84%;--awb-width-small:100%;--awb-order-small:0;--awb-spacing-right-small:1.92%;--awb-spacing-left-small:1.92%;\"><div class=\"fusion-column-wrapper fusion-column-has-shadow fusion-flex-justify-content-flex-start fusion-content-layout-column\"><div class=\"accordian fusion-accordian\" style=\"--awb-border-size:1px;--awb-icon-size:16px;--awb-content-font-size:var(--awb-typography4-font-size);--awb-icon-alignment:left;--awb-hover-color:var(--awb-color2);--awb-border-color:var(--awb-color3);--awb-background-color:var(--awb-color1);--awb-divider-color:var(--awb-color3);--awb-divider-hover-color:var(--awb-color3);--awb-icon-color:var(--awb-color1);--awb-title-color:var(--awb-color8);--awb-content-color:var(--awb-color8);--awb-icon-box-color:var(--awb-color8);--awb-toggle-hover-accent-color:var(--awb-color4);--awb-title-font-family:var(--awb-typography1-font-family);--awb-title-font-weight:var(--awb-typography1-font-weight);--awb-title-font-style:var(--awb-typography1-font-style);--awb-title-font-size:16px;--awb-content-font-family:var(--awb-typography4-font-family);--awb-content-font-weight:var(--awb-typography4-font-weight);--awb-content-font-style:var(--awb-typography4-font-style);\"><div class=\"panel-group fusion-toggle-icon-boxed\" id=\"accordion-7-1\"><div class=\"fusion-panel panel-default panel-8e6d6209018be25c6 fusion-toggle-has-divider\" style=\"--awb-title-color:var(--awb-color4);\"><div class=\"panel-heading\"><h4 class=\"panel-title toggle\" id=\"toggle_8e6d6209018be25c6\"><a class=\"active\" aria-expanded=\"true\" aria-controls=\"8e6d6209018be25c6\" role=\"button\" data-toggle=\"collapse\" data-parent=\"#accordion-7-1\" data-target=\"#8e6d6209018be25c6\" href=\"#8e6d6209018be25c6\"><span class=\"fusion-toggle-icon-wrapper\" aria-hidden=\"true\"><i class=\"fa-fusion-box active-icon fa-angle-up fas\" aria-hidden=\"true\"><\/i><i class=\"fa-fusion-box inactive-icon fa-angle-down fas\" aria-hidden=\"true\"><\/i><\/span><span class=\"fusion-toggle-heading\">STRATEGY SERVICES<\/span><\/a><\/h4><\/div><div id=\"8e6d6209018be25c6\" class=\"panel-collapse collapse in\" aria-labelledby=\"toggle_8e6d6209018be25c6\"><div class=\"panel-body toggle-content fusion-clearfix\">\n<p>Identifizieren von neuen Technologien und Konzepten, f\u00fcr innovative Produkte, wertvolle Serviceleistungen, neue Wertsch\u00f6pfungsketten oder strategische Potentiale.<\/p>\n<p>Abstimmen von Business- und IT-Strategien.<\/p>\n<p>Erstellen von Themen-Roadmaps, welche die notwendigen Ver\u00e4nderungen aufzeigen und eine Planung darstellen, bis wann Mehrwert mit neuen Konzepten und Technologien geschaffen werden kann.<\/p>\n<\/div><\/div><\/div><div class=\"fusion-panel panel-default panel-9a8b8f1d3af750bac fusion-toggle-has-divider\" style=\"--awb-title-color:var(--awb-color4);\"><div class=\"panel-heading\"><h4 class=\"panel-title toggle\" id=\"toggle_9a8b8f1d3af750bac\"><a class=\"active\" aria-expanded=\"true\" aria-controls=\"9a8b8f1d3af750bac\" role=\"button\" data-toggle=\"collapse\" data-parent=\"#accordion-7-1\" data-target=\"#9a8b8f1d3af750bac\" href=\"#9a8b8f1d3af750bac\"><span class=\"fusion-toggle-icon-wrapper\" aria-hidden=\"true\"><i class=\"fa-fusion-box active-icon fa-angle-up fas\" aria-hidden=\"true\"><\/i><i class=\"fa-fusion-box inactive-icon fa-angle-down fas\" aria-hidden=\"true\"><\/i><\/span><span class=\"fusion-toggle-heading\">DATA, PROCESS, ORGANIZATION SERVICES<\/span><\/a><\/h4><\/div><div id=\"9a8b8f1d3af750bac\" class=\"panel-collapse collapse in\" aria-labelledby=\"toggle_9a8b8f1d3af750bac\"><div class=\"panel-body toggle-content fusion-clearfix\">\n<p>Analysieren von Datenbest\u00e4nden, Prozessen und Organisationen bez\u00fcglich deren St\u00e4rken und Schw\u00e4chen und der damit verbundenen Wertpotentialen.<\/p>\n<p>Identifizieren von Innovationschancen durch Digitalisierung und neuer Formen der Zusammenarbeit.<\/p>\n<p>Entwickeln von Ans\u00e4tze, die aufzeigen wie mit neuen Datenbest\u00e4nden Prozesse optimiert werden k\u00f6nnen.<\/p>\n<p>Formulieren von Anforderungen, Rahmenbedingungen und Zielwerten um die identifizierten Potenziale zu realisieren.<\/p>\n<\/div><\/div><\/div><div class=\"fusion-panel panel-default panel-9d5d45b729dd7c6a0 fusion-toggle-has-divider\" style=\"--awb-title-color:var(--awb-color4);\"><div class=\"panel-heading\"><h4 class=\"panel-title toggle\" id=\"toggle_9d5d45b729dd7c6a0\"><a class=\"active\" aria-expanded=\"true\" aria-controls=\"9d5d45b729dd7c6a0\" role=\"button\" data-toggle=\"collapse\" data-parent=\"#accordion-7-1\" data-target=\"#9d5d45b729dd7c6a0\" href=\"#9d5d45b729dd7c6a0\"><span class=\"fusion-toggle-icon-wrapper\" aria-hidden=\"true\"><i class=\"fa-fusion-box active-icon fa-angle-up fas\" aria-hidden=\"true\"><\/i><i class=\"fa-fusion-box inactive-icon fa-angle-down fas\" aria-hidden=\"true\"><\/i><\/span><span class=\"fusion-toggle-heading\">TECHNOLOGY SERVICES<\/span><\/a><\/h4><\/div><div id=\"9d5d45b729dd7c6a0\" class=\"panel-collapse collapse in\" aria-labelledby=\"toggle_9d5d45b729dd7c6a0\"><div class=\"panel-body toggle-content fusion-clearfix\">\n<p>Analysieren der im Unternehmen eingesetzten Technologien.<\/p>\n<p>Formulieren von Voraussetzungen und Qualifikationen, um die angezielten Potenziale zu erreichen.<\/p>\n<\/div><\/div><\/div><\/div><\/div><\/div><\/div><\/div><\/div><\/p>\n","protected":false},"excerpt":{"rendered":"","protected":false},"author":1,"featured_media":0,"parent":0,"menu_order":0,"comment_status":"closed","ping_status":"closed","template":"100-width.php","meta":{"footnotes":""},"class_list":["post-7","page","type-page","status-publish","hentry"],"_links":{"self":[{"href":"https:\/\/alingro.com\/de\/wp-json\/wp\/v2\/pages\/7","targetHints":{"allow":["GET"]}}],"collection":[{"href":"https:\/\/alingro.com\/de\/wp-json\/wp\/v2\/pages"}],"about":[{"href":"https:\/\/alingro.com\/de\/wp-json\/wp\/v2\/types\/page"}],"author":[{"embeddable":true,"href":"https:\/\/alingro.com\/de\/wp-json\/wp\/v2\/users\/1"}],"replies":[{"embeddable":true,"href":"https:\/\/alingro.com\/de\/wp-json\/wp\/v2\/comments?post=7"}],"version-history":[{"count":4,"href":"https:\/\/alingro.com\/de\/wp-json\/wp\/v2\/pages\/7\/revisions"}],"predecessor-version":[{"id":56,"href":"https:\/\/alingro.com\/de\/wp-json\/wp\/v2\/pages\/7\/revisions\/56"}],"wp:attachment":[{"href":"https:\/\/alingro.com\/de\/wp-json\/wp\/v2\/media?parent=7"}],"curies":[{"name":"wp","href":"https:\/\/api.w.org\/{rel}","templated":true}]}}