{"id":9,"date":"2023-07-19T08:33:47","date_gmt":"2023-07-19T06:33:47","guid":{"rendered":"https:\/\/znueni.shop\/de\/?page_id=9"},"modified":"2023-07-30T19:56:56","modified_gmt":"2023-07-30T17:56:56","slug":"value-creation","status":"publish","type":"page","link":"https:\/\/alingro.com\/de\/value-creation\/","title":{"rendered":"Value Creation"},"content":{"rendered":"<p><div class=\"fusion-fullwidth fullwidth-box fusion-builder-row-1 fusion-flex-container has-pattern-background has-mask-background nonhundred-percent-fullwidth non-hundred-percent-height-scrolling\" style=\"--awb-border-radius-top-left:0px;--awb-border-radius-top-right:0px;--awb-border-radius-bottom-right:0px;--awb-border-radius-bottom-left:0px;--awb-flex-wrap:wrap;\" ><div class=\"fusion-builder-row fusion-row fusion-flex-align-items-flex-start fusion-flex-content-wrap\" style=\"max-width:1248px;margin-left: calc(-4% \/ 2 );margin-right: calc(-4% \/ 2 );\"><div class=\"fusion-layout-column fusion_builder_column fusion-builder-column-0 fusion_builder_column_1_1 1_1 fusion-flex-column\" style=\"--awb-bg-size:cover;--awb-width-large:100%;--awb-margin-top-large:0px;--awb-spacing-right-large:1.92%;--awb-margin-bottom-large:20px;--awb-spacing-left-large:1.92%;--awb-width-medium:100%;--awb-order-medium:0;--awb-spacing-right-medium:1.92%;--awb-spacing-left-medium:1.92%;--awb-width-small:100%;--awb-order-small:0;--awb-spacing-right-small:1.92%;--awb-spacing-left-small:1.92%;\"><div class=\"fusion-column-wrapper fusion-column-has-shadow fusion-flex-justify-content-flex-start fusion-content-layout-column\"><div class=\"fusion-text fusion-text-1\"><h2>Mit Kompetenz und Qualit\u00e4t zum Erfolg.<\/h2>\n<\/div><div class=\"fusion-text fusion-text-2\"><h3>Fachkompetenz und Qualit\u00e4t sind der Schl\u00fcssel zum Erfolg. Wir f\u00fchren und arbeiten in interdisziplin\u00e4ren, multikulturellen Teams und liefern Erfolg.<\/h3>\n<\/div><\/div><\/div><\/div><\/div><div class=\"fusion-fullwidth fullwidth-box fusion-builder-row-2 fusion-flex-container has-pattern-background has-mask-background nonhundred-percent-fullwidth non-hundred-percent-height-scrolling\" style=\"--awb-border-radius-top-left:0px;--awb-border-radius-top-right:0px;--awb-border-radius-bottom-right:0px;--awb-border-radius-bottom-left:0px;--awb-flex-wrap:wrap;\" ><div class=\"fusion-builder-row fusion-row fusion-flex-align-items-flex-start fusion-flex-content-wrap\" style=\"max-width:1248px;margin-left: calc(-4% \/ 2 );margin-right: calc(-4% \/ 2 );\"><div class=\"fusion-layout-column fusion_builder_column fusion-builder-column-1 fusion_builder_column_1_2 1_2 fusion-flex-column\" style=\"--awb-bg-size:cover;--awb-width-large:50%;--awb-margin-top-large:0px;--awb-spacing-right-large:3.84%;--awb-margin-bottom-large:20px;--awb-spacing-left-large:3.84%;--awb-width-medium:50%;--awb-order-medium:0;--awb-spacing-right-medium:3.84%;--awb-spacing-left-medium:3.84%;--awb-width-small:100%;--awb-order-small:0;--awb-spacing-right-small:1.92%;--awb-spacing-left-small:1.92%;\"><div class=\"fusion-column-wrapper fusion-column-has-shadow fusion-flex-justify-content-flex-start fusion-content-layout-column\"><div class=\"fusion-text fusion-text-3\"><h3>Ihr Nutzen<\/h3>\n<p>Motivierte Projektteams arbeiten an neuen L\u00f6sungen und realisieren erste Wertpotentiale.<\/p>\n<\/div><ul style=\"--awb-line-height:27.2px;--awb-icon-width:27.2px;--awb-icon-height:27.2px;--awb-icon-margin:11.2px;--awb-content-margin:38.4px;--awb-circlecolor:var(--awb-color4);--awb-circle-yes-font-size:14.08px;\" class=\"fusion-checklist fusion-checklist-1 fusion-checklist-default type-icons\"><li class=\"fusion-li-item\" style=\"\"><span class=\"icon-wrapper circle-yes\"><i class=\"fusion-li-icon fa-angle-right fas\" aria-hidden=\"true\"><\/i><\/span><div class=\"fusion-li-item-content\">\n<p>Aus Ideen werden Konzepte, L\u00f6sungen und erste Erfahrungen.<\/p>\n<\/div><\/li><li class=\"fusion-li-item\" style=\"\"><span class=\"icon-wrapper circle-yes\"><i class=\"fusion-li-icon fa-angle-right fas\" aria-hidden=\"true\"><\/i><\/span><div class=\"fusion-li-item-content\">\n<p>Kurze Time to Market.<\/p>\n<\/div><\/li><\/ul><div class=\"fusion-text fusion-text-4\"><p>Alingro liefert erfahrene Prozess- und Technologieberater f\u00fcr eine kompetente und schnelle Umsetzung.<\/p>\n<\/div><div class=\"fusion-text fusion-text-5\"><h3>Unser Vorgehen<\/h3>\n<\/div><div class=\"fusion-image-element \" style=\"--awb-caption-title-font-family:var(--h2_typography-font-family);--awb-caption-title-font-weight:var(--h2_typography-font-weight);--awb-caption-title-font-style:var(--h2_typography-font-style);--awb-caption-title-size:var(--h2_typography-font-size);--awb-caption-title-transform:var(--h2_typography-text-transform);--awb-caption-title-line-height:var(--h2_typography-line-height);--awb-caption-title-letter-spacing:var(--h2_typography-letter-spacing);\"><span class=\" fusion-imageframe imageframe-none imageframe-1 hover-type-none\"><img decoding=\"async\" width=\"1353\" height=\"615\" title=\"AlingroFrameworkValCreation\" src=\"https:\/\/znueni.shop\/de\/wp-content\/uploads\/sites\/2\/2023\/07\/AlingroFrameworkValCreation.png\" alt class=\"img-responsive wp-image-34\" srcset=\"https:\/\/alingro.com\/de\/wp-content\/uploads\/sites\/2\/2023\/07\/AlingroFrameworkValCreation-200x91.png 200w, https:\/\/alingro.com\/de\/wp-content\/uploads\/sites\/2\/2023\/07\/AlingroFrameworkValCreation-400x182.png 400w, https:\/\/alingro.com\/de\/wp-content\/uploads\/sites\/2\/2023\/07\/AlingroFrameworkValCreation-600x273.png 600w, https:\/\/alingro.com\/de\/wp-content\/uploads\/sites\/2\/2023\/07\/AlingroFrameworkValCreation-800x364.png 800w, https:\/\/alingro.com\/de\/wp-content\/uploads\/sites\/2\/2023\/07\/AlingroFrameworkValCreation-1200x545.png 1200w, https:\/\/alingro.com\/de\/wp-content\/uploads\/sites\/2\/2023\/07\/AlingroFrameworkValCreation.png 1353w\" sizes=\"(max-width: 640px) 100vw, 600px\" \/><\/span><\/div><div class=\"fusion-text fusion-text-6\"><p>In der Value Creation Phase liegt der Fokus auf dem Entwickeln von neuen Strategien, Produkten, Serviceleistungen, Prozessen, Datenbest\u00e4nden und technischen L\u00f6sungen um Mehrwert zu generieren.<\/p>\n<p>Das strukturierte Vorgehen hilft Abweichungen fr\u00fchzeitig zu erkennen und zu korrigieren.<\/p>\n<\/div><\/div><\/div><div class=\"fusion-layout-column fusion_builder_column fusion-builder-column-2 fusion_builder_column_1_2 1_2 fusion-flex-column\" style=\"--awb-bg-size:cover;--awb-width-large:50%;--awb-margin-top-large:0px;--awb-spacing-right-large:3.84%;--awb-margin-bottom-large:20px;--awb-spacing-left-large:3.84%;--awb-width-medium:50%;--awb-order-medium:0;--awb-spacing-right-medium:3.84%;--awb-spacing-left-medium:3.84%;--awb-width-small:100%;--awb-order-small:0;--awb-spacing-right-small:1.92%;--awb-spacing-left-small:1.92%;\"><div class=\"fusion-column-wrapper fusion-column-has-shadow fusion-flex-justify-content-flex-start fusion-content-layout-column\"><div class=\"fusion-text fusion-text-7\"><h3>Wir liefern Services in den Bereichen<\/h3>\n<\/div><div class=\"fusion-separator fusion-full-width-sep\" style=\"align-self: center;margin-left: auto;margin-right: auto;width:100%;\"><div class=\"fusion-separator-border sep-single sep-solid\" style=\"--awb-height:20px;--awb-amount:20px;border-color:var(--awb-color3);border-top-width:1px;\"><\/div><\/div><div class=\"accordian fusion-accordian\" style=\"--awb-border-size:1px;--awb-icon-size:16px;--awb-content-font-size:var(--awb-typography4-font-size);--awb-icon-alignment:left;--awb-hover-color:var(--awb-color2);--awb-border-color:var(--awb-color3);--awb-background-color:var(--awb-color1);--awb-divider-color:var(--awb-color3);--awb-divider-hover-color:var(--awb-color3);--awb-icon-color:var(--awb-color1);--awb-title-color:var(--awb-color4);--awb-content-color:var(--awb-color8);--awb-icon-box-color:var(--awb-color8);--awb-toggle-hover-accent-color:var(--awb-color4);--awb-title-font-family:var(--awb-typography1-font-family);--awb-title-font-weight:var(--awb-typography1-font-weight);--awb-title-font-style:var(--awb-typography1-font-style);--awb-title-font-size:16px;--awb-content-font-family:var(--awb-typography4-font-family);--awb-content-font-weight:var(--awb-typography4-font-weight);--awb-content-font-style:var(--awb-typography4-font-style);\"><div class=\"panel-group fusion-toggle-icon-boxed\" id=\"accordion-9-1\"><div class=\"fusion-panel panel-default panel-e087b92951a795e02 fusion-toggle-has-divider\" style=\"--awb-title-color:var(--awb-color4);\"><div class=\"panel-heading\"><h4 class=\"panel-title toggle\" id=\"toggle_e087b92951a795e02\"><a class=\"active\" aria-expanded=\"true\" aria-controls=\"e087b92951a795e02\" role=\"button\" data-toggle=\"collapse\" data-parent=\"#accordion-9-1\" data-target=\"#e087b92951a795e02\" href=\"#e087b92951a795e02\"><span class=\"fusion-toggle-icon-wrapper\" aria-hidden=\"true\"><i class=\"fa-fusion-box active-icon fa-angle-up fas\" aria-hidden=\"true\"><\/i><i class=\"fa-fusion-box inactive-icon fa-angle-down fas\" aria-hidden=\"true\"><\/i><\/span><span class=\"fusion-toggle-heading\">STRATEGY SERVICES<\/span><\/a><\/h4><\/div><div id=\"e087b92951a795e02\" class=\"panel-collapse collapse in\" aria-labelledby=\"toggle_e087b92951a795e02\"><div class=\"panel-body toggle-content fusion-clearfix\">\n<p>Innovative Ideen werden ausgearbeitet, abgestimmt und in die Strategie aufgenommen.<\/p>\n<p>Rahmenbedingungen und Zielvorgaben werden angepasst und neu definiert.<\/p>\n<\/div><\/div><\/div><div class=\"fusion-panel panel-default panel-c99380a9f25d75e02 fusion-toggle-has-divider\" style=\"--awb-title-color:var(--awb-color4);\"><div class=\"panel-heading\"><h4 class=\"panel-title toggle\" id=\"toggle_c99380a9f25d75e02\"><a class=\"active\" aria-expanded=\"true\" aria-controls=\"c99380a9f25d75e02\" role=\"button\" data-toggle=\"collapse\" data-parent=\"#accordion-9-1\" data-target=\"#c99380a9f25d75e02\" href=\"#c99380a9f25d75e02\"><span class=\"fusion-toggle-icon-wrapper\" aria-hidden=\"true\"><i class=\"fa-fusion-box active-icon fa-angle-up fas\" aria-hidden=\"true\"><\/i><i class=\"fa-fusion-box inactive-icon fa-angle-down fas\" aria-hidden=\"true\"><\/i><\/span><span class=\"fusion-toggle-heading\">DATA, PROCESS, ORGANIZATION SERVICES<\/span><\/a><\/h4><\/div><div id=\"c99380a9f25d75e02\" class=\"panel-collapse collapse in\" aria-labelledby=\"toggle_c99380a9f25d75e02\"><div class=\"panel-body toggle-content fusion-clearfix\">\n<p>Wertorientiertes Requirements Engineering und Prozess Design.<\/p>\n<p>Detaillierte Spezifikation der ben\u00f6tigten Daten und festlegen wie diese erfasst werden.<\/p>\n<p>Analyse der Organisation und identifizieren von notwendigen Ver\u00e4nderungen.<\/p>\n<\/div><\/div><\/div><div class=\"fusion-panel panel-default panel-bf5a3b1231240ffab fusion-toggle-has-divider\" style=\"--awb-title-color:var(--awb-color4);\"><div class=\"panel-heading\"><h4 class=\"panel-title toggle\" id=\"toggle_bf5a3b1231240ffab\"><a class=\"active\" aria-expanded=\"true\" aria-controls=\"bf5a3b1231240ffab\" role=\"button\" data-toggle=\"collapse\" data-parent=\"#accordion-9-1\" data-target=\"#bf5a3b1231240ffab\" href=\"#bf5a3b1231240ffab\"><span class=\"fusion-toggle-icon-wrapper\" aria-hidden=\"true\"><i class=\"fa-fusion-box active-icon fa-angle-up fas\" aria-hidden=\"true\"><\/i><i class=\"fa-fusion-box inactive-icon fa-angle-down fas\" aria-hidden=\"true\"><\/i><\/span><span class=\"fusion-toggle-heading\">TECHNOLOGY SERVICES<\/span><\/a><\/h4><\/div><div id=\"bf5a3b1231240ffab\" class=\"panel-collapse collapse in\" aria-labelledby=\"toggle_bf5a3b1231240ffab\"><div class=\"panel-body toggle-content fusion-clearfix\">\n<p>Konfigurieren und Entwickeln von neuen und optimierten L\u00f6sungen durch Technologie Experten aus CRM, Vertrieb, Service, Logistik, Finanz und Controlling.<\/p>\n<p>Erstellen von Machbarkeitsstudien und Prototypen.<\/p>\n<\/div><\/div><\/div><\/div><\/div><\/div><\/div><\/div><\/div><\/p>\n","protected":false},"excerpt":{"rendered":"","protected":false},"author":1,"featured_media":0,"parent":0,"menu_order":0,"comment_status":"closed","ping_status":"closed","template":"100-width.php","meta":{"footnotes":""},"class_list":["post-9","page","type-page","status-publish","hentry"],"_links":{"self":[{"href":"https:\/\/alingro.com\/de\/wp-json\/wp\/v2\/pages\/9","targetHints":{"allow":["GET"]}}],"collection":[{"href":"https:\/\/alingro.com\/de\/wp-json\/wp\/v2\/pages"}],"about":[{"href":"https:\/\/alingro.com\/de\/wp-json\/wp\/v2\/types\/page"}],"author":[{"embeddable":true,"href":"https:\/\/alingro.com\/de\/wp-json\/wp\/v2\/users\/1"}],"replies":[{"embeddable":true,"href":"https:\/\/alingro.com\/de\/wp-json\/wp\/v2\/comments?post=9"}],"version-history":[{"count":7,"href":"https:\/\/alingro.com\/de\/wp-json\/wp\/v2\/pages\/9\/revisions"}],"predecessor-version":[{"id":55,"href":"https:\/\/alingro.com\/de\/wp-json\/wp\/v2\/pages\/9\/revisions\/55"}],"wp:attachment":[{"href":"https:\/\/alingro.com\/de\/wp-json\/wp\/v2\/media?parent=9"}],"curies":[{"name":"wp","href":"https:\/\/api.w.org\/{rel}","templated":true}]}}